{"id":452,"date":"2018-11-26T12:47:06","date_gmt":"2018-11-26T12:47:06","guid":{"rendered":"https:\/\/smiltiesprojektai.lt\/index.php\/contact\/"},"modified":"2022-01-25T08:18:08","modified_gmt":"2022-01-25T08:18:08","slug":"kontaktai","status":"publish","type":"page","link":"https:\/\/smiltiesprojektai.lt\/index.php\/kontaktai\/","title":{"rendered":"Kontaktai"},"content":{"rendered":"<div class=\"fl-builder-content fl-builder-content-452\" data-post-id=\"452\"><div class=\"fl-row fl-row-full-width fl-row-bg-photo fl-node-5c0dea2f2fcad fl-row-bg-overlay fl-row-bg-fixed\" data-node=\"5c0dea2f2fcad\">\n\t<div class=\"fl-row-content-wrap\">\n\t\t\t\t\t\t<div class=\"fl-row-content fl-row-fixed-width fl-node-content\">\n\t\t\n<div class=\"fl-col-group fl-node-5c0dea2f2fca8\" data-node=\"5c0dea2f2fca8\">\n\t\t\t<div class=\"fl-col fl-node-5c0dea2f2fcab\" data-node=\"5c0dea2f2fcab\">\n\t<div class=\"fl-col-content fl-node-content\">\n\t<div class=\"fl-module fl-module-uabb-heading fl-node-5c0dea2f2fcac\" data-node=\"5c0dea2f2fcac\">\n\t<div class=\"fl-module-content fl-node-content\">\n\t\t<div class=\"uabb-module-content uabb-heading-wrapper uabb-heading-align-center \">\n\t\n\t<h1 class=\"uabb-heading\">\n\t\t\t\t\t<span class=\"uabb-heading-text\">Kontaktai<\/span>\n\t\t\t\t<\/h1>\n\n\t\t\t<div class=\"uabb-module-content uabb-separator-parent\">\t\t\t\n\t\t\t\t\t\t\t\t<\/div>\n\t\n\t\n\t \n<\/div>\n\t<\/div>\n<\/div>\n\t<\/div>\n<\/div>\n\t<\/div>\n\t\t<\/div>\n\t<\/div>\n<\/div>\n<div class=\"fl-row fl-row-full-width fl-row-bg-none fl-node-5c0dea4bce7d2\" data-node=\"5c0dea4bce7d2\">\n\t<div class=\"fl-row-content-wrap\">\n\t\t\t\t\t\t<div class=\"fl-row-content fl-row-fixed-width fl-node-content\">\n\t\t\n<div class=\"fl-col-group fl-node-5c0dea576a729\" data-node=\"5c0dea576a729\">\n\t\t\t<div class=\"fl-col fl-node-5c0dea576a7d7 fl-col-small\" data-node=\"5c0dea576a7d7\">\n\t<div class=\"fl-col-content fl-node-content\">\n\t<div class=\"fl-module fl-module-uabb-heading fl-node-5c0dea6828e78\" data-node=\"5c0dea6828e78\">\n\t<div class=\"fl-module-content fl-node-content\">\n\t\t<div class=\"uabb-module-content uabb-heading-wrapper uabb-heading-align-left \">\n\t\n\t<h2 class=\"uabb-heading\">\n\t\t\t\t\t<span class=\"uabb-heading-text\">Liko neatsakyt\u0173 klausim\u0173?<\/span>\n\t\t\t\t<\/h2>\n\n\t\t\t<div class=\"uabb-module-content uabb-separator-parent\">\t\t\t\n\t\t\t\t\t\t\t\t<\/div>\n\t\n\t\t\t<div class=\"uabb-subheading uabb-text-editor\">\n\t\t\t<p>Susisiekite su mumis, jei turite klausim\u0173 d\u0117l m\u016bs\u0173 atiekam\u0173 statybos darb\u0173, domina bendradarbiavimas ar karjeros galimyb\u0117s.<\/p>\n\t\t<\/div>\n\t\n\t \n<\/div>\n\t<\/div>\n<\/div>\n<div class=\"fl-module fl-module-info-list fl-node-5c0deb22d2a8b\" data-node=\"5c0deb22d2a8b\">\n\t<div class=\"fl-module-content fl-node-content\">\n\t\t<div class=\"uabb-module-content uabb-info-list\">\n\t<ul class=\"uabb-info-list-wrapper uabb-info-list-left\">\n\t\t<li class=\"uabb-info-list-item info-list-item-dynamic0\"><div class=\"uabb-info-list-content-wrapper uabb-info-list-left\"><div class=\"uabb-info-list-icon info-list-icon-dynamic0\"><div class=\"uabb-module-content uabb-imgicon-wrap\">\t\t\t\t<span class=\"uabb-icon-wrap\">\n\t\t\t<span class=\"uabb-icon\">\n\t\t\t\t<i class=\"fi-marker\"><\/i>\n\t\t\t<\/span>\n\t\t<\/span>\n\t\n\t\t<\/div><\/div><div class=\"uabb-info-list-content uabb-info-list-left info-list-content-dynamic0\"><h5 class=\"uabb-info-list-title\">Liep\u0173 g. 83, Klaip\u0117da, LT-92195<\/h5 ><div class=\"uabb-info-list-description uabb-text-editor info-list-description-dynamic0\"><p><\/p><\/div><\/div><\/div><div class=\"uabb-info-list-connector uabb-info-list-left\"><\/div><\/li><li class=\"uabb-info-list-item info-list-item-dynamic1\"><div class=\"uabb-info-list-content-wrapper uabb-info-list-left\"><div class=\"uabb-info-list-icon info-list-icon-dynamic1\"><div class=\"uabb-module-content uabb-imgicon-wrap\">\t\t\t\t<span class=\"uabb-icon-wrap\">\n\t\t\t<span class=\"uabb-icon\">\n\t\t\t\t<i class=\"far fa-envelope\"><\/i>\n\t\t\t<\/span>\n\t\t<\/span>\n\t\n\t\t<\/div><\/div><div class=\"uabb-info-list-content uabb-info-list-left info-list-content-dynamic1\"><h5 class=\"uabb-info-list-title\">info@smiltiesprojektai.lt<\/h5 ><div class=\"uabb-info-list-description uabb-text-editor info-list-description-dynamic1\"><p><\/p><\/div><\/div><\/div><div class=\"uabb-info-list-connector uabb-info-list-left\"><\/div><\/li><li class=\"uabb-info-list-item info-list-item-dynamic2\"><div class=\"uabb-info-list-content-wrapper uabb-info-list-left\"><div class=\"uabb-info-list-icon info-list-icon-dynamic2\"><div class=\"uabb-module-content uabb-imgicon-wrap\">\t\t\t\t<span class=\"uabb-icon-wrap\">\n\t\t\t<span class=\"uabb-icon\">\n\t\t\t\t<i class=\"fi-telephone\"><\/i>\n\t\t\t<\/span>\n\t\t<\/span>\n\t\n\t\t<\/div><\/div><div class=\"uabb-info-list-content uabb-info-list-left info-list-content-dynamic2\"><h5 class=\"uabb-info-list-title\">+370 657 00885<\/h5 ><div class=\"uabb-info-list-description uabb-text-editor info-list-description-dynamic2\"><p><\/p><\/div><\/div><\/div><div class=\"uabb-info-list-connector uabb-info-list-left\"><\/div><\/li>\t<\/ul>\n<\/div>\n\t<\/div>\n<\/div>\n\t<\/div>\n<\/div>\n\t\t\t<div class=\"fl-col fl-node-5c0dea576a7db fl-col-small\" data-node=\"5c0dea576a7db\">\n\t<div class=\"fl-col-content fl-node-content\">\n\t<div class=\"fl-module fl-module-html fl-node-5c0dea8067a40\" data-node=\"5c0dea8067a40\">\n\t<div class=\"fl-module-content fl-node-content\">\n\t\t<div class=\"fl-html\">\n\t<div class=\"wpforms-container \" id=\"wpforms-7\"><form id=\"wpforms-form-7\" class=\"wpforms-validate wpforms-form\" data-formid=\"7\" method=\"post\" enctype=\"multipart\/form-data\" action=\"\/index.php\/wp-json\/wp\/v2\/pages\/452\" data-token=\"54ded7e07a46616b6f6bee1047fc726d\"><noscript class=\"wpforms-error-noscript\">Please enable JavaScript in your browser to complete this form.<\/noscript><div class=\"wpforms-field-container\"><div id=\"wpforms-7-field_0-container\" class=\"wpforms-field wpforms-field-name\" data-field-id=\"0\"><label class=\"wpforms-field-label\" for=\"wpforms-7-field_0\">Vardas <span class=\"wpforms-required-label\">*<\/span><\/label><input type=\"text\" id=\"wpforms-7-field_0\" class=\"wpforms-field-large wpforms-field-required\" name=\"wpforms[fields][0]\" required><\/div><div id=\"wpforms-7-field_1-container\" class=\"wpforms-field wpforms-field-email\" data-field-id=\"1\"><label class=\"wpforms-field-label\" for=\"wpforms-7-field_1\">El. pa\u0161tas <span class=\"wpforms-required-label\">*<\/span><\/label><input type=\"email\" id=\"wpforms-7-field_1\" class=\"wpforms-field-large wpforms-field-required\" name=\"wpforms[fields][1]\" required><\/div><div id=\"wpforms-7-field_4-container\" class=\"wpforms-field wpforms-field-text\" data-field-id=\"4\"><label class=\"wpforms-field-label\" for=\"wpforms-7-field_4\">Tema <span class=\"wpforms-required-label\">*<\/span><\/label><input type=\"text\" id=\"wpforms-7-field_4\" class=\"wpforms-field-large wpforms-field-required\" name=\"wpforms[fields][4]\" required><\/div><div id=\"wpforms-7-field_2-container\" class=\"wpforms-field wpforms-field-textarea\" data-field-id=\"2\"><label class=\"wpforms-field-label\" for=\"wpforms-7-field_2\">\u017dinut\u0117 <span class=\"wpforms-required-label\">*<\/span><\/label><textarea id=\"wpforms-7-field_2\" class=\"wpforms-field-large wpforms-field-required\" name=\"wpforms[fields][2]\" required><\/textarea><\/div><\/div><div class=\"wpforms-field wpforms-field-hp\"><label for=\"wpforms-7-field-hp\" class=\"wpforms-field-label\">Email<\/label><input type=\"text\" name=\"wpforms[hp]\" id=\"wpforms-7-field-hp\" class=\"wpforms-field-medium\"><\/div><div class=\"wpforms-submit-container\"><input type=\"hidden\" name=\"wpforms[id]\" value=\"7\"><input type=\"hidden\" name=\"wpforms[author]\" value=\"1\"><button type=\"submit\" name=\"wpforms[submit]\" id=\"wpforms-submit-7\" class=\"wpforms-submit\" data-alt-text=\"Siun\u010diama\" data-submit-text=\"Si\u0173sti\" aria-live=\"assertive\" value=\"wpforms-submit\">Si\u0173sti<\/button><\/div><\/form><\/div>  <!-- .wpforms-container -->\t<\/div>\n\t<\/div>\n<\/div>\n\t<\/div>\n<\/div>\n\t<\/div>\n\t\t<\/div>\n\t<\/div>\n<\/div>\n<div class=\"fl-row fl-row-full-width fl-row-bg-none fl-node-5c0dec95b9e90\" data-node=\"5c0dec95b9e90\">\n\t<div class=\"fl-row-content-wrap\">\n\t\t\t\t\t\t<div class=\"fl-row-content fl-row-full-width fl-node-content\">\n\t\t\n<div class=\"fl-col-group fl-node-5c0dec962d180\" data-node=\"5c0dec962d180\">\n\t\t\t<div class=\"fl-col fl-node-5c0dec962d1e4\" data-node=\"5c0dec962d1e4\">\n\t<div class=\"fl-col-content fl-node-content\">\n\t<div class=\"fl-module fl-module-html fl-node-5c0dec9b21431\" data-node=\"5c0dec9b21431\">\n\t<div class=\"fl-module-content fl-node-content\">\n\t\t<div class=\"fl-html\">\n\t<iframe src=\"https:\/\/www.google.com\/maps\/embed?pb=!1m14!1m8!1m3!1d35951.51771856047!2d21.156336!3d55.724276!3m2!1i1024!2i768!4f13.1!3m3!1m2!1s0x46e4d95315576a6f%3A0x5f08948044365b5c!2sLiep%C5%B3%20g.%2083%2C%20Klaip%C4%97da%2092195!5e0!3m2!1sen!2slt!4v1642413214809!5m2!1sen!2slt\" width=\"1450\" height=\"450\" style=\"border:0;\" allowfullscreen=\"\" loading=\"lazy\"><\/iframe><\/div>\n\t<\/div>\n<\/div>\n\t<\/div>\n<\/div>\n\t<\/div>\n\t\t<\/div>\n\t<\/div>\n<\/div>\n<\/div>","protected":false},"excerpt":{"rendered":"<p>Kontaktai Liko neatsakyt\u0173 klausim\u0173? Susisiekite su mumis, jei turite klausim\u0173 d\u0117l m\u016bs\u0173 atiekam\u0173 statybos darb\u0173, domina bendradarbiavimas ar karjeros galimyb\u0117s. Liep\u0173 g. 83, Klaip\u0117da, LT-92195 info@smiltiesprojektai.lt +370 657 00885 Please enable JavaScript in your browser to complete this form. Vardas * El. pa\u0161tas * Tema * \u017dinut\u0117 * Website Si\u0173sti<\/p>\n","protected":false},"author":1,"featured_media":0,"parent":0,"menu_order":0,"comment_status":"closed","ping_status":"closed","template":"","meta":{"om_disable_all_campaigns":false,"_monsterinsights_skip_tracking":false,"_monsterinsights_sitenote_active":false,"_monsterinsights_sitenote_note":"","_monsterinsights_sitenote_category":0,"site-sidebar-layout":"no-sidebar","site-content-layout":"page-builder","ast-global-header-display":"","ast-main-header-display":"","ast-hfb-above-header-display":"","ast-hfb-below-header-display":"","ast-hfb-mobile-header-display":"","site-post-title":"disabled","ast-breadcrumbs-content":"","ast-featured-img":"disabled","footer-sml-layout":"","theme-transparent-header-meta":"enabled","adv-header-id-meta":"","stick-header-meta":"","header-above-stick-meta":"","header-main-stick-meta":"","header-below-stick-meta":"","footnotes":""},"class_list":["post-452","page","type-page","status-publish","hentry"],"_links":{"self":[{"href":"https:\/\/smiltiesprojektai.lt\/index.php\/wp-json\/wp\/v2\/pages\/452","targetHints":{"allow":["GET"]}}],"collection":[{"href":"https:\/\/smiltiesprojektai.lt\/index.php\/wp-json\/wp\/v2\/pages"}],"about":[{"href":"https:\/\/smiltiesprojektai.lt\/index.php\/wp-json\/wp\/v2\/types\/page"}],"author":[{"embeddable":true,"href":"https:\/\/smiltiesprojektai.lt\/index.php\/wp-json\/wp\/v2\/users\/1"}],"replies":[{"embeddable":true,"href":"https:\/\/smiltiesprojektai.lt\/index.php\/wp-json\/wp\/v2\/comments?post=452"}],"version-history":[{"count":13,"href":"https:\/\/smiltiesprojektai.lt\/index.php\/wp-json\/wp\/v2\/pages\/452\/revisions"}],"predecessor-version":[{"id":668,"href":"https:\/\/smiltiesprojektai.lt\/index.php\/wp-json\/wp\/v2\/pages\/452\/revisions\/668"}],"wp:attachment":[{"href":"https:\/\/smiltiesprojektai.lt\/index.php\/wp-json\/wp\/v2\/media?parent=452"}],"curies":[{"name":"wp","href":"https:\/\/api.w.org\/{rel}","templated":true}]}}