{"id":451,"date":"2018-11-26T12:46:44","date_gmt":"2018-11-26T12:46:44","guid":{"rendered":"https:\/\/smiltiesprojektai.lt\/index.php\/projects\/"},"modified":"2023-12-04T15:50:07","modified_gmt":"2023-12-04T15:50:07","slug":"projektai","status":"publish","type":"page","link":"https:\/\/smiltiesprojektai.lt\/index.php\/projektai\/","title":{"rendered":"Projektai"},"content":{"rendered":"<div class=\"fl-builder-content fl-builder-content-451\" data-post-id=\"451\"><div class=\"fl-row fl-row-full-width fl-row-bg-photo fl-node-5c07cd2677ffd fl-row-bg-overlay fl-row-bg-fixed\" data-node=\"5c07cd2677ffd\">\n\t<div class=\"fl-row-content-wrap\">\n\t\t\t\t\t\t<div class=\"fl-row-content fl-row-fixed-width fl-node-content\">\n\t\t\n<div class=\"fl-col-group fl-node-5c07cd2677ff9\" data-node=\"5c07cd2677ff9\">\n\t\t\t<div class=\"fl-col fl-node-5c07cd2677ffb\" data-node=\"5c07cd2677ffb\">\n\t<div class=\"fl-col-content fl-node-content\">\n\t<div class=\"fl-module fl-module-uabb-heading fl-node-5c07cd2677ffc\" data-node=\"5c07cd2677ffc\">\n\t<div class=\"fl-module-content fl-node-content\">\n\t\t<div class=\"uabb-module-content uabb-heading-wrapper uabb-heading-align-center \">\n\t\n\t<h1 class=\"uabb-heading\">\n\t\t\t\t\t<span class=\"uabb-heading-text\">Projektai<\/span>\n\t\t\t\t<\/h1>\n\n\t\t\t<div class=\"uabb-module-content uabb-separator-parent\">\t\t\t\n\t\t\t\t\t\t\t\t<\/div>\n\t\n\t\n\t \n<\/div>\n\t<\/div>\n<\/div>\n\t<\/div>\n<\/div>\n\t<\/div>\n\t\t<\/div>\n\t<\/div>\n<\/div>\n<div class=\"fl-row fl-row-full-width fl-row-bg-none fl-node-5c07cdf99096f\" data-node=\"5c07cdf99096f\">\n\t<div class=\"fl-row-content-wrap\">\n\t\t\t\t\t\t<div class=\"fl-row-content fl-row-fixed-width fl-node-content\">\n\t\t\n<div class=\"fl-col-group fl-node-5c07cdf99095e\" data-node=\"5c07cdf99095e\">\n\t\t\t<div class=\"fl-col fl-node-5c07cdf990961 fl-col-has-cols\" data-node=\"5c07cdf990961\">\n\t<div class=\"fl-col-content fl-node-content\">\n\t\n<div class=\"fl-col-group fl-node-5c07cdf990965 fl-col-group-nested\" data-node=\"5c07cdf990965\">\n\t\t\t<div class=\"fl-col fl-node-5c07cdf990966 fl-col-small\" data-node=\"5c07cdf990966\">\n\t<div class=\"fl-col-content fl-node-content\">\n\t<div class=\"fl-module fl-module-image-icon fl-node-8xsof5rup2m9\" data-node=\"8xsof5rup2m9\">\n\t<div class=\"fl-module-content fl-node-content\">\n\t\t<div class=\"uabb-module-content uabb-imgicon-wrap\">\t\t\n\t\t\t\t\t<div class=\"uabb-image\n\t\t uabb-image-crop-simple\t\t\" itemscope itemtype=\"http:\/\/schema.org\/ImageObject\">\n\t\t\t<div class=\"uabb-image-content\">\n\t\t\t\t<img loading=\"lazy\" decoding=\"async\" width=\"2069\" height=\"1259\" class=\"uabb-photo-img wp-image-703 size-full\" src=\"https:\/\/smiltiesprojektai.lt\/wp-content\/uploads\/2023\/11\/2BYSA.jpg\" alt=\"V12\" itemprop=\"image\" srcset=\"https:\/\/smiltiesprojektai.lt\/wp-content\/uploads\/2023\/11\/2BYSA.jpg 2069w, https:\/\/smiltiesprojektai.lt\/wp-content\/uploads\/2023\/11\/2BYSA-300x183.jpg 300w, https:\/\/smiltiesprojektai.lt\/wp-content\/uploads\/2023\/11\/2BYSA-1024x623.jpg 1024w, https:\/\/smiltiesprojektai.lt\/wp-content\/uploads\/2023\/11\/2BYSA-768x467.jpg 768w, https:\/\/smiltiesprojektai.lt\/wp-content\/uploads\/2023\/11\/2BYSA-1536x935.jpg 1536w, https:\/\/smiltiesprojektai.lt\/wp-content\/uploads\/2023\/11\/2BYSA-2048x1246.jpg 2048w\" sizes=\"auto, (max-width: 2069px) 100vw, 2069px\" \/>\n\t\t\t<\/div>\n\t\t<\/div>\n\n\t\t<\/div>\t<\/div>\n<\/div>\n<div class=\"fl-module fl-module-uabb-heading fl-node-t4xpahz8kc2b\" data-node=\"t4xpahz8kc2b\">\n\t<div class=\"fl-module-content fl-node-content\">\n\t\t<div class=\"uabb-module-content uabb-heading-wrapper uabb-heading-align-left \">\n\t\n\t<h4 class=\"uabb-heading\">\n\t\t\t\t\t<span class=\"uabb-heading-text\">2BYSA VERSLO PARKAS, Klaip\u0117da<\/span>\n\t\t\t\t<\/h4>\n\n\t\t\t<div class=\"uabb-module-content uabb-separator-parent\">\t\t\t\n\t\t\t\t\t\t\t\t<\/div>\n\t\n\t\t\t<div class=\"uabb-subheading uabb-text-editor\">\n\t\t\t<p>2BYSA verslo parkas \u2013 daugiafunkcini\u0173 patalp\u0173 kompleksas inovatyviam ir \u0161iuolaiki\u0161kam verslo vystymui. Komercini\u0173 patalp\u0173 ir biur\u0173 kompleks\u0105 sudaro 3 pastatai. Verslo parkas taps miestie\u010di\u0173 ir verslinink\u0173 traukos centru, bei suteiks vis\u0105 reikaling\u0105 infrastrukt\u016br\u0105 verslo s\u0117kmei.<\/p>\n<p>Veiklos koncepcija: pasi\u016blyti rinkai ne tik naujas prekybos\/ekspozicijos, sand\u0117liavimo ir biur\u0173 patalpas, bet sukurti s\u0117kming\u0105 versl\u0173 sinergij\u0105 po vienu stogu.<\/p>\n<p>Suformuotos patalpos leis vienoje vietoje vykdyti vis\u0105 verslo cikl\u0105, nuo sand\u0117liavimo, administravimo iki pardavimo.<\/p>\n<p>Paskirtis: komercin\u0117s patalpos<\/p>\n<p>Plotas: 6 000 kv. m.\u00a0<\/p>\n<p>Darb\u0173 vykdymo data:\u00a02023 m.<\/p>\n\t\t<\/div>\n\t\n\t \n<\/div>\n\t<\/div>\n<\/div>\n<div class=\"fl-module fl-module-uabb-heading fl-node-xw6ly9ednksg\" data-node=\"xw6ly9ednksg\">\n\t<div class=\"fl-module-content fl-node-content\">\n\t\t<div class=\"uabb-module-content uabb-heading-wrapper uabb-heading-align-left \">\n\t\n\t<h5 class=\"uabb-heading\">\n\t\t\t\t\t<span class=\"uabb-heading-text\">Projekto apimtis: 3 pastatai (patalp\u0173 plotai nuo 92- 1 180 kv.m.).<\/span>\n\t\t\t\t<\/h5>\n\n\t\t\t<div class=\"uabb-module-content uabb-separator-parent\">\t\t\t\n\t\t\t\t\t\t\t\t<\/div>\n\t\n\t\n\t \n<\/div>\n\t<\/div>\n<\/div>\n<div class=\"fl-module fl-module-image-icon fl-node-5c07cdf99096b\" data-node=\"5c07cdf99096b\">\n\t<div class=\"fl-module-content fl-node-content\">\n\t\t<div class=\"uabb-module-content uabb-imgicon-wrap\">\t\t\n\t\t\t\t\t<div class=\"uabb-image\n\t\t uabb-image-crop-simple\t\t\" itemscope itemtype=\"http:\/\/schema.org\/ImageObject\">\n\t\t\t<div class=\"uabb-image-content\">\n\t\t\t\t<img loading=\"lazy\" decoding=\"async\" width=\"847\" height=\"489\" class=\"uabb-photo-img wp-image-781 size-full\" src=\"https:\/\/smiltiesprojektai.lt\/wp-content\/uploads\/2023\/12\/cwre4aq3.png\" alt=\"cwre4aq3\" itemprop=\"image\" srcset=\"https:\/\/smiltiesprojektai.lt\/wp-content\/uploads\/2023\/12\/cwre4aq3.png 847w, https:\/\/smiltiesprojektai.lt\/wp-content\/uploads\/2023\/12\/cwre4aq3-300x173.png 300w, https:\/\/smiltiesprojektai.lt\/wp-content\/uploads\/2023\/12\/cwre4aq3-768x443.png 768w\" sizes=\"auto, (max-width: 847px) 100vw, 847px\" \/>\n\t\t\t<\/div>\n\t\t<\/div>\n\n\t\t<\/div>\t<\/div>\n<\/div>\n<div class=\"fl-module fl-module-uabb-heading fl-node-5c07cdf99096c\" data-node=\"5c07cdf99096c\">\n\t<div class=\"fl-module-content fl-node-content\">\n\t\t<div class=\"uabb-module-content uabb-heading-wrapper uabb-heading-align-left \">\n\t\n\t<h4 class=\"uabb-heading\">\n\t\t\t\t\t<span class=\"uabb-heading-text\">NEMIRSETOS PARKAS, Palanga (II etapas)<\/span>\n\t\t\t\t<\/h4>\n\n\t\t\t<div class=\"uabb-module-content uabb-separator-parent\">\t\t\t\n\t\t\t\t\t\t\t\t<\/div>\n\t\n\t\t\t<div class=\"uabb-subheading uabb-text-editor\">\n\t\t\t<p>Nemirsetos parkas i\u0328siku\u0304re\u0328s pus\u030cyno apsuptyje. Pilnai sutvarkyta kvartalo teritorija bei laisvalaikio zona s\u030calia tvenkinio. II etape statomi 4 daugiabu\u010diai pastatai viso 60 but\u0173. Pastatai 3 auks\u030ctu\u0328, virs\u030cutiniai butai mansardiniai (lubu\u0328 auks\u030ctis ~ 5 m.). Butai pirmuose auks\u030ctuose su privac\u030ciomis terasomis, virs\u030cutiniuose auks\u030ctuose su balkonais. Statybu\u0328 pradz\u030cia 2022 m. II ketv., pabaiga 2023 m. II ketv.<br \/>Plotas: 3 005 kv. m.<br \/>Paskirtis: gyvenamieji namai.<br \/>Darb\u0173 vykdymo data: 2022 m.<\/p>\n<p>\u00a0<\/p>\n\t\t<\/div>\n\t\n\t \n<\/div>\n\t<\/div>\n<\/div>\n<div class=\"fl-module fl-module-uabb-heading fl-node-5c07cf1eb4484\" data-node=\"5c07cf1eb4484\">\n\t<div class=\"fl-module-content fl-node-content\">\n\t\t<div class=\"uabb-module-content uabb-heading-wrapper uabb-heading-align-left \">\n\t\n\t<h5 class=\"uabb-heading\">\n\t\t\t\t\t<span class=\"uabb-heading-text\">Projekto apimtis: 4 daugiabu\u010diai pastatai viso 60 but\u0173 nuo 33-85 m2. Pastatai 3 auk\u0161t\u0173, vir\u0161utiniai butai mansardiniai (lub\u0173 auk\u0161tis ~ 5 m.).<\/span>\n\t\t\t\t<\/h5>\n\n\t\t\t<div class=\"uabb-module-content uabb-separator-parent\">\t\t\t\n\t\t\t\t\t\t\t\t<\/div>\n\t\n\t\n\t \n<\/div>\n\t<\/div>\n<\/div>\n<div class=\"fl-module fl-module-image-icon fl-node-5c07ced8c36a2\" data-node=\"5c07ced8c36a2\">\n\t<div class=\"fl-module-content fl-node-content\">\n\t\t<div class=\"uabb-module-content uabb-imgicon-wrap\">\t\t\n\t\t\t\t\t<div class=\"uabb-image\n\t\t uabb-image-crop-simple\t\t\" itemscope itemtype=\"http:\/\/schema.org\/ImageObject\">\n\t\t\t<div class=\"uabb-image-content\">\n\t\t\t\t<img loading=\"lazy\" decoding=\"async\" width=\"2560\" height=\"1512\" class=\"uabb-photo-img wp-image-791 size-full\" src=\"https:\/\/smiltiesprojektai.lt\/wp-content\/uploads\/2023\/12\/zie4acuk.png\" alt=\"zie4acuk\" itemprop=\"image\" srcset=\"https:\/\/smiltiesprojektai.lt\/wp-content\/uploads\/2023\/12\/zie4acuk.png 2560w, https:\/\/smiltiesprojektai.lt\/wp-content\/uploads\/2023\/12\/zie4acuk-300x177.png 300w, https:\/\/smiltiesprojektai.lt\/wp-content\/uploads\/2023\/12\/zie4acuk-1024x605.png 1024w, https:\/\/smiltiesprojektai.lt\/wp-content\/uploads\/2023\/12\/zie4acuk-768x454.png 768w, https:\/\/smiltiesprojektai.lt\/wp-content\/uploads\/2023\/12\/zie4acuk-1536x907.png 1536w, https:\/\/smiltiesprojektai.lt\/wp-content\/uploads\/2023\/12\/zie4acuk-2048x1210.png 2048w\" sizes=\"auto, (max-width: 2560px) 100vw, 2560px\" \/>\n\t\t\t<\/div>\n\t\t<\/div>\n\n\t\t<\/div>\t<\/div>\n<\/div>\n<div class=\"fl-module fl-module-uabb-heading fl-node-3eqfh95tjxwi\" data-node=\"3eqfh95tjxwi\">\n\t<div class=\"fl-module-content fl-node-content\">\n\t\t<div class=\"uabb-module-content uabb-heading-wrapper uabb-heading-align-left \">\n\t\n\t<h4 class=\"uabb-heading\">\n\t\t\t\t\t<span class=\"uabb-heading-text\">VANAGUP\u0116S PU\u0160YNAS, Palanga<\/span>\n\t\t\t\t<\/h4>\n\n\t\t\t<div class=\"uabb-module-content uabb-separator-parent\">\t\t\t\n\t\t\t\t\t\t\t\t<\/div>\n\t\n\t\t\t<div class=\"uabb-subheading uabb-text-editor\">\n\t\t\t<p>Naujo A++ klas\u0117s gyvenamojo kvartalo statybos Palangos mieste. Modernus 5 auk\u0161t\u0173, dviej\u0173 korpus\u0173 daugiabutis su SPA zona ir dvira\u010di\u0173 saugyklomis (sand\u0117liukais).\u00a0Kompleksas i\u0161skaidytas \u012f du modernius, stikline galerija sujungtus, korpusus, taip maksimaliai i\u0161saugomi esami \u017eeldiniai bei suformuojama jauki aplinka.\u00a0Visi\u0161ka ramyb\u0117s oaz\u0117 vertinantiems ramesn\u012f poils\u012f gamtoje.<br \/>Plotas: 4 000 kv. m.<br \/>Paskirtis: poilsio<br \/>Darb\u0173 vykdymo data: 2021 m.<\/p>\n\t\t<\/div>\n\t\n\t \n<\/div>\n\t<\/div>\n<\/div>\n<div class=\"fl-module fl-module-uabb-heading fl-node-5c07cf5261226\" data-node=\"5c07cf5261226\">\n\t<div class=\"fl-module-content fl-node-content\">\n\t\t<div class=\"uabb-module-content uabb-heading-wrapper uabb-heading-align-left \">\n\t\n\t<h5 class=\"uabb-heading\">\n\t\t\t\t\t<span class=\"uabb-heading-text\">Projekto apimtis: 76 apartamentai (nuo 33 kv. m. iki 55 kv. m. ploto). Pastato nuliniame auk\u0161te SPA kompleksas 272 kv. m. ploto.<\/span>\n\t\t\t\t<\/h5>\n\n\t\t\t<div class=\"uabb-module-content uabb-separator-parent\">\t\t\t\n\t\t\t\t\t\t\t\t<\/div>\n\t\n\t\n\t \n<\/div>\n\t<\/div>\n<\/div>\n\t<\/div>\n<\/div>\n\t\t\t<div class=\"fl-col fl-node-5c07cdf990967 fl-col-small\" data-node=\"5c07cdf990967\">\n\t<div class=\"fl-col-content fl-node-content\">\n\t<div class=\"fl-module fl-module-image-icon fl-node-oumbtsc7whn4\" data-node=\"oumbtsc7whn4\">\n\t<div class=\"fl-module-content fl-node-content\">\n\t\t<div class=\"uabb-module-content uabb-imgicon-wrap\">\t\t\n\t\t\t\t\t<div class=\"uabb-image\n\t\t uabb-image-crop-simple\t\t\" itemscope itemtype=\"http:\/\/schema.org\/ImageObject\">\n\t\t\t<div class=\"uabb-image-content\">\n\t\t\t\t<img loading=\"lazy\" decoding=\"async\" width=\"2560\" height=\"1606\" class=\"uabb-photo-img wp-image-776 size-full\" src=\"https:\/\/smiltiesprojektai.lt\/wp-content\/uploads\/2023\/12\/eshkly6a.png\" alt=\"eshkly6a\" itemprop=\"image\" srcset=\"https:\/\/smiltiesprojektai.lt\/wp-content\/uploads\/2023\/12\/eshkly6a.png 2560w, https:\/\/smiltiesprojektai.lt\/wp-content\/uploads\/2023\/12\/eshkly6a-300x188.png 300w, https:\/\/smiltiesprojektai.lt\/wp-content\/uploads\/2023\/12\/eshkly6a-1024x642.png 1024w, https:\/\/smiltiesprojektai.lt\/wp-content\/uploads\/2023\/12\/eshkly6a-768x482.png 768w, https:\/\/smiltiesprojektai.lt\/wp-content\/uploads\/2023\/12\/eshkly6a-1536x964.png 1536w, https:\/\/smiltiesprojektai.lt\/wp-content\/uploads\/2023\/12\/eshkly6a-2048x1285.png 2048w\" sizes=\"auto, (max-width: 2560px) 100vw, 2560px\" \/>\n\t\t\t<\/div>\n\t\t<\/div>\n\n\t\t<\/div>\t<\/div>\n<\/div>\n<div class=\"fl-module fl-module-uabb-heading fl-node-5c07ced8c36a3\" data-node=\"5c07ced8c36a3\">\n\t<div class=\"fl-module-content fl-node-content\">\n\t\t<div class=\"uabb-module-content uabb-heading-wrapper uabb-heading-align-left \">\n\t\n\t<h4 class=\"uabb-heading\">\n\t\t\t\t\t<span class=\"uabb-heading-text\">PU\u0160YNO SPA, Palanga<\/span>\n\t\t\t\t<\/h4>\n\n\t\t\t<div class=\"uabb-module-content uabb-separator-parent\">\t\t\t\n\t\t\t\t\t\t\t\t<\/div>\n\t\n\t\t\t<div class=\"uabb-subheading uabb-text-editor\">\n\t\t\t<p>PU\u0160YNO SPA \u2013 privataus poilsio erdv\u0117 gamtos apsuptyje. Kompleks\u0105 sudaro 3 atskiros SPA erdv\u0117s su pirtimis, du\u0161ais ir suk\u016brin\u0117mis voniomis, bei 2 atskiros masa\u017eo patalpos k\u016bno proced\u016broms teikti.\u00a0<\/p>\n<p>Kiekvienai SPA zonai suprojektuota individuali elektros ir \u0161ildymo apskaita, autonominis valdymas. \u012erengtos suk\u016brin\u0117s vonios, saunos ir garin\u0117 pirtis.<\/p>\n<p>Sukurtas vizualinis konceptas, lauko reklamos, internetin\u0117 svetain\u0117, i\u0161mani klient\u0173 rezervacijos sistema.<\/p>\n<p>Paskirtis: poilsio paskirties patalpos<\/p>\n<p>Plotas: 272 kv. m.\u00a0<\/p>\n<p>Statybos metai: 2023<\/p>\n<p>\u00a0<\/p>\n\t\t<\/div>\n\t\n\t \n<\/div>\n\t<\/div>\n<\/div>\n<div class=\"fl-module fl-module-uabb-heading fl-node-mk3xyu54g97n\" data-node=\"mk3xyu54g97n\">\n\t<div class=\"fl-module-content fl-node-content\">\n\t\t<div class=\"uabb-module-content uabb-heading-wrapper uabb-heading-align-left \">\n\t\n\t<h5 class=\"uabb-heading\">\n\t\t\t\t\t<span class=\"uabb-heading-text\">Projekto apimtis: 3 priva\u010dios SPA zonos (plotai po 70 kv.m.).<\/span>\n\t\t\t\t<\/h5>\n\n\t\t\t<div class=\"uabb-module-content uabb-separator-parent\">\t\t\t\n\t\t\t\t\t\t\t\t<\/div>\n\t\n\t\n\t \n<\/div>\n\t<\/div>\n<\/div>\n<div class=\"fl-module fl-module-image-icon fl-node-5c07cdf99096a\" data-node=\"5c07cdf99096a\">\n\t<div class=\"fl-module-content fl-node-content\">\n\t\t<div class=\"uabb-module-content uabb-imgicon-wrap\">\t\t\n\t\t\t\t\t<div class=\"uabb-image\n\t\t uabb-image-crop-simple\t\t\" itemscope itemtype=\"http:\/\/schema.org\/ImageObject\">\n\t\t\t<div class=\"uabb-image-content\">\n\t\t\t\t<img loading=\"lazy\" decoding=\"async\" width=\"2560\" height=\"1511\" class=\"uabb-photo-img wp-image-788 size-full\" src=\"https:\/\/smiltiesprojektai.lt\/wp-content\/uploads\/2023\/12\/l-scaled.jpg\" alt=\".l\" itemprop=\"image\" srcset=\"https:\/\/smiltiesprojektai.lt\/wp-content\/uploads\/2023\/12\/l-scaled.jpg 2560w, https:\/\/smiltiesprojektai.lt\/wp-content\/uploads\/2023\/12\/l-300x177.jpg 300w, https:\/\/smiltiesprojektai.lt\/wp-content\/uploads\/2023\/12\/l-1024x604.jpg 1024w, https:\/\/smiltiesprojektai.lt\/wp-content\/uploads\/2023\/12\/l-768x453.jpg 768w, https:\/\/smiltiesprojektai.lt\/wp-content\/uploads\/2023\/12\/l-1536x907.jpg 1536w, https:\/\/smiltiesprojektai.lt\/wp-content\/uploads\/2023\/12\/l-2048x1209.jpg 2048w\" sizes=\"auto, (max-width: 2560px) 100vw, 2560px\" \/>\n\t\t\t<\/div>\n\t\t<\/div>\n\n\t\t<\/div>\t<\/div>\n<\/div>\n<div class=\"fl-module fl-module-uabb-heading fl-node-5c07cdf990969\" data-node=\"5c07cdf990969\">\n\t<div class=\"fl-module-content fl-node-content\">\n\t\t<div class=\"uabb-module-content uabb-heading-wrapper uabb-heading-align-left \">\n\t\n\t<h4 class=\"uabb-heading\">\n\t\t\t\t\t<span class=\"uabb-heading-text\">NEMIRSETOS PARKAS, Palanga (I etapas)<\/span>\n\t\t\t\t<\/h4>\n\n\t\t\t<div class=\"uabb-module-content uabb-separator-parent\">\t\t\t\n\t\t\t\t\t\t\t\t<\/div>\n\t\n\t\t\t<div class=\"uabb-subheading uabb-text-editor\">\n\t\t\t<p>Naujai statomas \"Nemirsetos parkas\" - u\u017edara, moderni gyvenam\u0173j\u0173 nam\u0173 gyvenviet\u0117 pu\u0161yno apsuptyje. Jaukumas, privatumas, ramyb\u0117, visi\u0161ka gamtos apsuptis \u2013 jausmas kuris apima b\u016bnant \u0161ioje unikalioje paj\u016brio vietoje.\u00a0Pirm\u0105jame etape neu\u017eilgo \u012fsikurs pirm\u0173j\u0173 koted\u017e\u0173 ir but\u0173 gyventojai. Dalis koted\u017e\u0173 i\u0161skiriami kaip butai (po 40 m2). Vienas butas 1 auk\u0161te, kitas 2 auk\u0161te, abu turi atskirus \u012f\u0117jimus i\u0161 lauko.\u00a0<\/p>\n<p>Plotas: 2 800 kv. m.\u00a0<\/p>\n<p>Paskirtis: gyvenamieji namai.<br \/>Darb\u0173 vykdymo data: 2021 m.<\/p>\n\t\t<\/div>\n\t\n\t \n<\/div>\n\t<\/div>\n<\/div>\n<div class=\"fl-module fl-module-uabb-heading fl-node-5c07cf3de2f35\" data-node=\"5c07cf3de2f35\">\n\t<div class=\"fl-module-content fl-node-content\">\n\t\t<div class=\"uabb-module-content uabb-heading-wrapper uabb-heading-align-left \">\n\t\n\t<h5 class=\"uabb-heading\">\n\t\t\t\t\t<span class=\"uabb-heading-text\">Projekto apimtis: 24 butai (nuo 40 kv. m ploto) bei 24 koted\u017eai per du auk\u0161tus nuo 69 kv.m. iki 80 kv. m ploto.<\/span>\n\t\t\t\t<\/h5>\n\n\t\t\t<div class=\"uabb-module-content uabb-separator-parent\">\t\t\t\n\t\t\t\t\t\t\t\t<\/div>\n\t\n\t\n\t \n<\/div>\n\t<\/div>\n<\/div>\n<div class=\"fl-module fl-module-image-icon fl-node-5c07ced8c369f\" data-node=\"5c07ced8c369f\">\n\t<div class=\"fl-module-content fl-node-content\">\n\t\t<div class=\"uabb-module-content uabb-imgicon-wrap\">\t\t\n\t\t\t\t\t<div class=\"uabb-image\n\t\t uabb-image-crop-simple\t\t\" itemscope itemtype=\"http:\/\/schema.org\/ImageObject\">\n\t\t\t<div class=\"uabb-image-content\">\n\t\t\t\t<img loading=\"lazy\" decoding=\"async\" width=\"1636\" height=\"982\" class=\"uabb-photo-img wp-image-779 size-full\" src=\"https:\/\/smiltiesprojektai.lt\/wp-content\/uploads\/2023\/12\/xoid5ky3.png\" alt=\"xoid5ky3\" itemprop=\"image\" srcset=\"https:\/\/smiltiesprojektai.lt\/wp-content\/uploads\/2023\/12\/xoid5ky3.png 1636w, https:\/\/smiltiesprojektai.lt\/wp-content\/uploads\/2023\/12\/xoid5ky3-300x180.png 300w, https:\/\/smiltiesprojektai.lt\/wp-content\/uploads\/2023\/12\/xoid5ky3-1024x615.png 1024w, https:\/\/smiltiesprojektai.lt\/wp-content\/uploads\/2023\/12\/xoid5ky3-768x461.png 768w, https:\/\/smiltiesprojektai.lt\/wp-content\/uploads\/2023\/12\/xoid5ky3-1536x922.png 1536w\" sizes=\"auto, (max-width: 1636px) 100vw, 1636px\" \/>\n\t\t\t<\/div>\n\t\t<\/div>\n\n\t\t<\/div>\t<\/div>\n<\/div>\n<div class=\"fl-module fl-module-uabb-heading fl-node-5c07ced8c36a0\" data-node=\"5c07ced8c36a0\">\n\t<div class=\"fl-module-content fl-node-content\">\n\t\t<div class=\"uabb-module-content uabb-heading-wrapper uabb-heading-align-left \">\n\t\n\t<h4 class=\"uabb-heading\">\n\t\t\t\t\t<span class=\"uabb-heading-text\">SMILTIES NAMAI, Klaip\u0117da<\/span>\n\t\t\t\t<\/h4>\n\n\t\t\t<div class=\"uabb-module-content uabb-separator-parent\">\t\t\t\n\t\t\t\t\t\t\t\t<\/div>\n\t\n\t\t\t<div class=\"uabb-subheading uabb-text-editor\">\n\t\t\t<p>Naujo prabangaus ir i\u0161skirtinio gyvenamojo kvartalo statybos ir vystymas Klaip\u0117dos naujamiestyje, greta pagrindinio Klaip\u0117dos miesto futbolo stadiono. Dviej\u0173 korpus\u0173 gyvenamieji namai skirti \u0161iuolaikiniam skuban\u010diam \u017emogui, ie\u0161kan\u010diam ramyb\u0117s, \u017ealumos, bet kartu norin\u010diam nenutolti nuo miesto ritmo ir j\u012f pasiekti vos per kelias minutes.\u00a0<\/p>\n<p>Plotas: 1 150 kv. m.\u00a0<\/p>\n<p>Paskirtis: gyvenamieji namai.<\/p>\n<p>Darb\u0173 vykdymo data: 2019 m.<\/p>\n\t\t<\/div>\n\t\n\t \n<\/div>\n\t<\/div>\n<\/div>\n<div class=\"fl-module fl-module-uabb-heading fl-node-5c07cf5442f2c\" data-node=\"5c07cf5442f2c\">\n\t<div class=\"fl-module-content fl-node-content\">\n\t\t<div class=\"uabb-module-content uabb-heading-wrapper uabb-heading-align-left \">\n\t\n\t<h5 class=\"uabb-heading\">\n\t\t\t\t\t<span class=\"uabb-heading-text\">Projekto apimtis: 14 but\u0173 (nuo vieno kambario 52 kv. m ploto iki 80 kv. m ploto studijinio tipo but\u0173 per du auk\u0161tus).<\/span>\n\t\t\t\t<\/h5>\n\n\t\t\t<div class=\"uabb-module-content uabb-separator-parent\">\t\t\t\n\t\t\t\t\t\t\t\t<\/div>\n\t\n\t\n\t \n<\/div>\n\t<\/div>\n<\/div>\n\t<\/div>\n<\/div>\n\t<\/div>\n\t<\/div>\n<\/div>\n\t<\/div>\n\t\t<\/div>\n\t<\/div>\n<\/div>\n<div class=\"fl-row fl-row-full-width fl-row-bg-color fl-node-605465445fa7c\" data-node=\"605465445fa7c\">\n\t<div class=\"fl-row-content-wrap\">\n\t\t\t\t\t\t<div class=\"fl-row-content fl-row-fixed-width fl-node-content\">\n\t\t\n<div class=\"fl-col-group fl-node-605465445fa76 fl-col-group-equal-height fl-col-group-align-center\" data-node=\"605465445fa76\">\n\t\t\t<div class=\"fl-col fl-node-605465445fa78\" data-node=\"605465445fa78\">\n\t<div class=\"fl-col-content fl-node-content\">\n\t<div class=\"fl-module fl-module-uabb-heading fl-node-605465445fa7a\" data-node=\"605465445fa7a\">\n\t<div class=\"fl-module-content fl-node-content\">\n\t\t<div class=\"uabb-module-content uabb-heading-wrapper uabb-heading-align-left \">\n\t\n\t<h3 class=\"uabb-heading\">\n\t\t\t\t\t<span class=\"uabb-heading-text\">Ie\u0161kote patikimo statyb\u0173 partnerio? Rinkit\u0117s \u0161ios srities profesionalus!<\/span>\n\t\t\t\t<\/h3>\n\n\t\t\t<div class=\"uabb-module-content uabb-separator-parent\">\t\t\t\n\t\t\t\t\t\t\t\t<\/div>\n\t\n\t\n\t \n<\/div>\n\t<\/div>\n<\/div>\n\t<\/div>\n<\/div>\n\t\t\t<div class=\"fl-col fl-node-605465445fa79 fl-col-small\" data-node=\"605465445fa79\">\n\t<div class=\"fl-col-content fl-node-content\">\n\t<div class=\"fl-module fl-module-uabb-button fl-node-605465445fa7b\" data-node=\"605465445fa7b\">\n\t<div class=\"fl-module-content fl-node-content\">\n\t\t\n<div class=\"uabb-module-content uabb-button-wrap uabb-creative-button-wrap uabb-button-width-auto uabb-creative-button-width-auto uabb-button-center uabb-creative-button-center uabb-button-reponsive-center uabb-creative-button-reponsive-center\">\n\t\t\t<a href=\"https:\/\/smiltiesprojektai.lt\/index.php\/kontaktai\/\" target=\"_self\" class=\"uabb-button uabb-creative-button uabb-creative-default-btn   \"  role=\"button\">\n\t\t\t\t\t\t<span class=\"uabb-button-text uabb-creative-button-text\">susisiekite<\/span>\n\t\t\t\n\t\t<\/a>\n\t<\/div>\n\t<\/div>\n<\/div>\n\t<\/div>\n<\/div>\n\t<\/div>\n\t\t<\/div>\n\t<\/div>\n<\/div>\n<\/div>","protected":false},"excerpt":{"rendered":"<p>Projektai 2BYSA VERSLO PARKAS, Klaip\u0117da 2BYSA verslo parkas \u2013 daugiafunkcini\u0173 patalp\u0173 kompleksas inovatyviam ir \u0161iuolaiki\u0161kam verslo vystymui. Komercini\u0173 patalp\u0173 ir biur\u0173 kompleks\u0105 sudaro 3 pastatai. Verslo parkas taps miestie\u010di\u0173 ir verslinink\u0173 traukos centru, bei suteiks vis\u0105 reikaling\u0105 infrastrukt\u016br\u0105 verslo s\u0117kmei. Veiklos koncepcija: pasi\u016blyti rinkai ne tik naujas prekybos\/ekspozicijos, sand\u0117liavimo ir biur\u0173 patalpas, bet sukurti s\u0117kming\u0105 &hellip;<\/p>\n<p class=\"read-more\"> <a class=\"\" href=\"https:\/\/smiltiesprojektai.lt\/index.php\/projektai\/\"> <span class=\"screen-reader-text\">Projektai<\/span> Skaityti daugiau &raquo;<\/a><\/p>\n","protected":false},"author":1,"featured_media":0,"parent":0,"menu_order":0,"comment_status":"closed","ping_status":"closed","template":"","meta":{"om_disable_all_campaigns":false,"_monsterinsights_skip_tracking":false,"_monsterinsights_sitenote_active":false,"_monsterinsights_sitenote_note":"","_monsterinsights_sitenote_category":0,"site-sidebar-layout":"no-sidebar","site-content-layout":"page-builder","ast-global-header-display":"","ast-main-header-display":"","ast-hfb-above-header-display":"","ast-hfb-below-header-display":"","ast-hfb-mobile-header-display":"","site-post-title":"disabled","ast-breadcrumbs-content":"","ast-featured-img":"disabled","footer-sml-layout":"","theme-transparent-header-meta":"enabled","adv-header-id-meta":"","stick-header-meta":"","header-above-stick-meta":"","header-main-stick-meta":"","header-below-stick-meta":"","footnotes":""},"class_list":["post-451","page","type-page","status-publish","hentry"],"_links":{"self":[{"href":"https:\/\/smiltiesprojektai.lt\/index.php\/wp-json\/wp\/v2\/pages\/451","targetHints":{"allow":["GET"]}}],"collection":[{"href":"https:\/\/smiltiesprojektai.lt\/index.php\/wp-json\/wp\/v2\/pages"}],"about":[{"href":"https:\/\/smiltiesprojektai.lt\/index.php\/wp-json\/wp\/v2\/types\/page"}],"author":[{"embeddable":true,"href":"https:\/\/smiltiesprojektai.lt\/index.php\/wp-json\/wp\/v2\/users\/1"}],"replies":[{"embeddable":true,"href":"https:\/\/smiltiesprojektai.lt\/index.php\/wp-json\/wp\/v2\/comments?post=451"}],"version-history":[{"count":38,"href":"https:\/\/smiltiesprojektai.lt\/index.php\/wp-json\/wp\/v2\/pages\/451\/revisions"}],"predecessor-version":[{"id":792,"href":"https:\/\/smiltiesprojektai.lt\/index.php\/wp-json\/wp\/v2\/pages\/451\/revisions\/792"}],"wp:attachment":[{"href":"https:\/\/smiltiesprojektai.lt\/index.php\/wp-json\/wp\/v2\/media?parent=451"}],"curies":[{"name":"wp","href":"https:\/\/api.w.org\/{rel}","templated":true}]}}