{"id":450,"date":"2018-11-26T12:46:25","date_gmt":"2018-11-26T12:46:25","guid":{"rendered":"https:\/\/smiltiesprojektai.lt\/index.php\/services\/"},"modified":"2022-01-25T07:43:21","modified_gmt":"2022-01-25T07:43:21","slug":"paslaugos","status":"publish","type":"page","link":"https:\/\/smiltiesprojektai.lt\/index.php\/paslaugos\/","title":{"rendered":"Paslaugos"},"content":{"rendered":"<div class=\"fl-builder-content fl-builder-content-450\" data-post-id=\"450\"><div class=\"fl-row fl-row-full-width fl-row-bg-photo fl-node-5c07c87ff3ca8 fl-row-bg-overlay fl-row-bg-fixed\" data-node=\"5c07c87ff3ca8\">\n\t<div class=\"fl-row-content-wrap\">\n\t\t\t\t\t\t<div class=\"fl-row-content fl-row-fixed-width fl-node-content\">\n\t\t\n<div class=\"fl-col-group fl-node-5c07c87ff3ca4\" data-node=\"5c07c87ff3ca4\">\n\t\t\t<div class=\"fl-col fl-node-5c07c87ff3ca6\" data-node=\"5c07c87ff3ca6\">\n\t<div class=\"fl-col-content fl-node-content\">\n\t<div class=\"fl-module fl-module-uabb-heading fl-node-5c07c87ff3ca7\" data-node=\"5c07c87ff3ca7\">\n\t<div class=\"fl-module-content fl-node-content\">\n\t\t<div class=\"uabb-module-content uabb-heading-wrapper uabb-heading-align-center \">\n\t\n\t<h1 class=\"uabb-heading\">\n\t\t\t\t\t<span class=\"uabb-heading-text\">Paslaugos<\/span>\n\t\t\t\t<\/h1>\n\n\t\t\t<div class=\"uabb-module-content uabb-separator-parent\">\t\t\t\n\t\t\t\t\t\t\t\t<\/div>\n\t\n\t\n\t \n<\/div>\n\t<\/div>\n<\/div>\n\t<\/div>\n<\/div>\n\t<\/div>\n\t\t<\/div>\n\t<\/div>\n<\/div>\n<div class=\"fl-row fl-row-full-width fl-row-bg-none fl-node-5c07c753b1aff\" data-node=\"5c07c753b1aff\">\n\t<div class=\"fl-row-content-wrap\">\n\t\t\t\t\t\t<div class=\"fl-row-content fl-row-fixed-width fl-node-content\">\n\t\t\n<div class=\"fl-col-group fl-node-5c07c75d485c2\" data-node=\"5c07c75d485c2\">\n\t\t\t<div class=\"fl-col fl-node-5c07c75d48693 fl-col-small\" data-node=\"5c07c75d48693\">\n\t<div class=\"fl-col-content fl-node-content\">\n\t<div class=\"fl-module fl-module-uabb-heading fl-node-5c07c753b1afb\" data-node=\"5c07c753b1afb\">\n\t<div class=\"fl-module-content fl-node-content\">\n\t\t<div class=\"uabb-module-content uabb-heading-wrapper uabb-heading-align-left \">\n\t\n\t<h2 class=\"uabb-heading\">\n\t\t\t\t\t<span class=\"uabb-heading-text\">\u201eSmilties projektai\u201c - J\u016bs\u0173 statyb\u0173 partneris<\/span>\n\t\t\t\t<\/h2>\n\n\t\t\t<div class=\"uabb-module-content uabb-separator-parent\">\t\t\t\n\t\t\t\t\t\t\t\t<\/div>\n\t\n\t\t\t<div class=\"uabb-subheading uabb-text-editor\">\n\t\t\t<p style=\"text-align: left;\"><span lang=\"LT\">Spar\u010diai auganti statyb\u0173 \u012fmon\u0117 \u201eSmilties projektai\u201c savo klientams si\u016blo pa\u017eangius ir tvarius statybos darbus\u00a0 \u2013 nuo betonavimo, konstruktyvo, apdailos darb\u0173 iki statyb\u0173 projekto parengimo ir galutinio realizavimo.\u00a0<\/span><span lang=\"LT\">Per savo veiklos metus renovavome ir atnaujinome namus, vie\u0161bu\u010dius, verslo centrus Klaip\u0117dos mieste, suprojektavome ir pastat\u0117me naujas gyvenvietes Klaip\u0117doje, Klaip\u0117dos rajone ir Palangoje.<\/span><span lang=\"LT\">\u00a0<\/span><\/p>\n<p>Visada dirbame naudodami tik kokybi\u0161kas ir sertifikuotas med\u017eiagas, modernias statyb\u0173 technologijas.<\/p>\n<p><span lang=\"LT\">\u00a0<\/span><\/p>\n\t\t<\/div>\n\t\n\t \n<\/div>\n\t<\/div>\n<\/div>\n\t<\/div>\n<\/div>\n\t\t\t<div class=\"fl-col fl-node-5c07c8eacfc50 fl-col-small\" data-node=\"5c07c8eacfc50\">\n\t<div class=\"fl-col-content fl-node-content\">\n\t<div class=\"fl-module fl-module-spacer-gap fl-node-5c07c98a3190d\" data-node=\"5c07c98a3190d\">\n\t<div class=\"fl-module-content fl-node-content\">\n\t\t<div class=\"uabb-module-content uabb-spacer-gap-preview uabb-spacer-gap\">\n<\/div>\n\t<\/div>\n<\/div>\n\t<\/div>\n<\/div>\n\t<\/div>\n\t\t<\/div>\n\t<\/div>\n<\/div>\n<div class=\"fl-row fl-row-full-width fl-row-bg-color fl-node-5c07ca71066cd\" data-node=\"5c07ca71066cd\">\n\t<div class=\"fl-row-content-wrap\">\n\t\t\t\t\t\t<div class=\"fl-row-content fl-row-fixed-width fl-node-content\">\n\t\t\n<div class=\"fl-col-group fl-node-5c07ca71066c4\" data-node=\"5c07ca71066c4\">\n\t\t\t<div class=\"fl-col fl-node-5c07ca71066c7\" data-node=\"5c07ca71066c7\">\n\t<div class=\"fl-col-content fl-node-content\">\n\t<div class=\"fl-module fl-module-uabb-heading fl-node-5c07ca71066c9\" data-node=\"5c07ca71066c9\">\n\t<div class=\"fl-module-content fl-node-content\">\n\t\t<div class=\"uabb-module-content uabb-heading-wrapper uabb-heading-align-center \">\n\t\n\t<h2 class=\"uabb-heading\">\n\t\t\t\t\t<span class=\"uabb-heading-text\">M\u016bs\u0173 teikiamos paslaugos<\/span>\n\t\t\t\t<\/h2>\n\n\t\t\t<div class=\"uabb-module-content uabb-separator-parent\">\t\t\t\n\t\t\t\t\t\t\t\t<\/div>\n\t\n\t\n\t \n<\/div>\n\t<\/div>\n<\/div>\n\t<\/div>\n<\/div>\n\t<\/div>\n\n<div class=\"fl-col-group fl-node-5c07cad12efd3\" data-node=\"5c07cad12efd3\">\n\t\t\t<div class=\"fl-col fl-node-5c07cad12f0a3 fl-col-small\" data-node=\"5c07cad12f0a3\">\n\t<div class=\"fl-col-content fl-node-content\">\n\t<div class=\"fl-module fl-module-uabb-separator fl-node-5c07cc7b57e19\" data-node=\"5c07cc7b57e19\">\n\t<div class=\"fl-module-content fl-node-content\">\n\t\t<div class=\"uabb-module-content uabb-separator-parent\">\n\t<div class=\"uabb-separator\"><\/div>\n<\/div>\n\t<\/div>\n<\/div>\n<div class=\"fl-module fl-module-uabb-heading fl-node-5c07cb88ac9a9\" data-node=\"5c07cb88ac9a9\">\n\t<div class=\"fl-module-content fl-node-content\">\n\t\t<div class=\"uabb-module-content uabb-heading-wrapper uabb-heading-align-left \">\n\t\n\t<h4 class=\"uabb-heading\">\n\t\t\t\t\t<span class=\"uabb-heading-text\">STATYBOS DARBAI<\/span>\n\t\t\t\t<\/h4>\n\n\t\t\t<div class=\"uabb-module-content uabb-separator-parent\">\t\t\t\n\t\t\t\t\t\t\t\t<\/div>\n\t\n\t\t\t<div class=\"uabb-subheading uabb-text-editor\">\n\t\t\t<p>Statomam b\u016bstui keliami kokyb\u0117s, racionalaus i\u0161planavimo, inovatyvi\u0173 ir (ar) tvari\u0173 sprendim\u0173, patrauklios i\u0161vaizdos bei auk\u0161to energetinio naudingumo reikalavimai. Norint juos \u012fgyvendinti si\u016blome pasirinkti patikim\u0105 statyb\u0173 partner\u012f \u201eSmilties projektai\u201c - \u00a0kuris atliks pamat\u0173 \u012frengimo, m\u016bro, tinkavimo, in\u017einerini\u0173 tinkl\u0173 i\u0161ved\u017eiojimo, konstrukcij\u0173 montavimo, \u012fvairi\u0173 tip\u0173 stogo dang\u0173, fasado apdailos darbus.<\/p>\n\t\t<\/div>\n\t\n\t \n<\/div>\n\t<\/div>\n<\/div>\n<div class=\"fl-module fl-module-uabb-separator fl-node-5c07cbda3f411\" data-node=\"5c07cbda3f411\">\n\t<div class=\"fl-module-content fl-node-content\">\n\t\t<div class=\"uabb-module-content uabb-separator-parent\">\n\t<div class=\"uabb-separator\"><\/div>\n<\/div>\n\t<\/div>\n<\/div>\n<div class=\"fl-module fl-module-uabb-heading fl-node-5c07cbd37020d\" data-node=\"5c07cbd37020d\">\n\t<div class=\"fl-module-content fl-node-content\">\n\t\t<div class=\"uabb-module-content uabb-heading-wrapper uabb-heading-align-left \">\n\t\n\t<h4 class=\"uabb-heading\">\n\t\t\t\t\t<span class=\"uabb-heading-text\">STATYBOS PROJEKT\u0172 VALDYMAS<\/span>\n\t\t\t\t<\/h4>\n\n\t\t\t<div class=\"uabb-module-content uabb-separator-parent\">\t\t\t\n\t\t\t\t\t\t\t\t<\/div>\n\t\n\t\t\t<div class=\"uabb-subheading uabb-text-editor\">\n\t\t\t<div>\n<p>Statyb\u0173 procesas reikalauja specifini\u0173 \u017eini\u0173 ir pagrindini\u0173 princip\u0173 i\u0161manymo \u2013 tod\u0117l klientams si\u016blome patik\u0117ti \u0161iuos darbus m\u016bs\u0173 specialistams ir sulaukti geriausi\u0173 rezultat\u0173.\u00a0M\u016bs\u0173 teikiamos paslaugos apima nuo statybos projekto plano parengimo, darb\u0173 grafiko sudarymo iki statyb\u0173 technin\u0117s prie\u017ei\u016bros ir darb\u0173 vykdymo \u2013 fasad\u0173 \u012frengimo, land\u0161afto tvarkymo darb\u0173,\u00a0in\u017einerini\u0173 sistem\u0173 \u012frengimo, vidaus ir i\u0161or\u0117s apdailos darb\u0173.<\/p>\n<\/div>\n\t\t<\/div>\n\t\n\t \n<\/div>\n\t<\/div>\n<\/div>\n\t<\/div>\n<\/div>\n\t\t\t<div class=\"fl-col fl-node-5c07cad12f0a7 fl-col-small\" data-node=\"5c07cad12f0a7\">\n\t<div class=\"fl-col-content fl-node-content\">\n\t<div class=\"fl-module fl-module-uabb-separator fl-node-5c07cbe4e525a\" data-node=\"5c07cbe4e525a\">\n\t<div class=\"fl-module-content fl-node-content\">\n\t\t<div class=\"uabb-module-content uabb-separator-parent\">\n\t<div class=\"uabb-separator\"><\/div>\n<\/div>\n\t<\/div>\n<\/div>\n<div class=\"fl-module fl-module-uabb-heading fl-node-5c07cbd69a95d\" data-node=\"5c07cbd69a95d\">\n\t<div class=\"fl-module-content fl-node-content\">\n\t\t<div class=\"uabb-module-content uabb-heading-wrapper uabb-heading-align-left \">\n\t\n\t<h4 class=\"uabb-heading\">\n\t\t\t\t\t<span class=\"uabb-heading-text\">APDAILOS DARBAI<\/span>\n\t\t\t\t<\/h4>\n\n\t\t\t<div class=\"uabb-module-content uabb-separator-parent\">\t\t\t\n\t\t\t\t\t\t\t\t<\/div>\n\t\n\t\t\t<div class=\"uabb-subheading uabb-text-editor\">\n\t\t\t<p><span lang=\"EN-US\">Atliekame gyvenam\u0173j\u0173 ir komercini\u0173 statini\u0173 ne tik i\u0161or\u0117s, bet ir vidaus apdail\u0105<\/span>. Paruo\u0161iame ir \u012fgyvendiname patalpas modernizavimui.\u00a0<span lang=\"LT\">P<\/span>asir\u016bpiname\u00a0<span lang=\"LT\"><span lang=\"LT\">visais statyb\u0173 etapais: nuo objekto vizualizacijos iki pilno apdailos \u012fgyvendinimo. Ilgamet\u0119 patirt\u012f turintys specialistai atlieka elektros instaliacijos darbus, grind\u0173, lub\u0173 \u012frengim\u0105, sien\u0173 glaistym\u0105 ir da\u017eym\u0105, plyteli\u0173 klijavim\u0105 bei vidaus santechnikos darbus.<\/span><\/span><\/p>\n\t\t<\/div>\n\t\n\t \n<\/div>\n\t<\/div>\n<\/div>\n<div class=\"fl-module fl-module-uabb-separator fl-node-5c07cbeb3a0e9\" data-node=\"5c07cbeb3a0e9\">\n\t<div class=\"fl-module-content fl-node-content\">\n\t\t<div class=\"uabb-module-content uabb-separator-parent\">\n\t<div class=\"uabb-separator\"><\/div>\n<\/div>\n\t<\/div>\n<\/div>\n<div class=\"fl-module fl-module-uabb-heading fl-node-5c07cbed885e3\" data-node=\"5c07cbed885e3\">\n\t<div class=\"fl-module-content fl-node-content\">\n\t\t<div class=\"uabb-module-content uabb-heading-wrapper uabb-heading-align-left \">\n\t\n\t<h4 class=\"uabb-heading\">\n\t\t\t\t\t<span class=\"uabb-heading-text\">STATINI\u0172 PROJEKTAVIMAS<\/span>\n\t\t\t\t<\/h4>\n\n\t\t\t<div class=\"uabb-module-content uabb-separator-parent\">\t\t\t\n\t\t\t\t\t\t\t\t<\/div>\n\t\n\t\t\t<div class=\"uabb-subheading uabb-text-editor\">\n\t\t\t<p>Projektuojame \u012fvairios paskirties pastatus \u2013 nuo gyvenam\u0173j\u0173 nam\u0173 iki komercini\u0173 objekt\u0173. Atliekame galimybi\u0173 studijas, parengiame statinio techninius ir statybos darb\u0173 planus.\u00a0Teikiame teritorijos planavimo paslaug\u0105 \u2013 rengiame teritorinius planus ir r\u016bpinam\u0117s visais reikiamais dokumentais, leidimais. Esame pasireng\u0119 prisijungti \u012fvairiose statyb\u0173 etapuose: nuo atskir\u0173 statinio dali\u0173 projektavimo iki galutin\u0117s objekto vizualizacijos.\u00a0<\/p>\n\t\t<\/div>\n\t\n\t \n<\/div>\n\t<\/div>\n<\/div>\n\t<\/div>\n<\/div>\n\t<\/div>\n\t\t<\/div>\n\t<\/div>\n<\/div>\n<div class=\"fl-row fl-row-fixed-width fl-row-bg-none fl-node-l1yeu2tgqf6c\" data-node=\"l1yeu2tgqf6c\">\n\t<div class=\"fl-row-content-wrap\">\n\t\t\t\t\t\t<div class=\"fl-row-content fl-row-fixed-width fl-node-content\">\n\t\t\n<div class=\"fl-col-group fl-node-5l3fwoszhc1u\" data-node=\"5l3fwoszhc1u\">\n\t\t\t<div class=\"fl-col fl-node-g5vqpojwabez fl-col-small fl-animation fl-slide-in-left\" data-node=\"g5vqpojwabez\" data-animation-delay=\"0\" data-animation-duration=\"1\">\n\t<div class=\"fl-col-content fl-node-content\">\n\t\t<\/div>\n<\/div>\n\t\t\t<div class=\"fl-col fl-node-mn985gverzf0 fl-col-small fl-animation fl-slide-in-left\" data-node=\"mn985gverzf0\" data-animation-delay=\"0\" data-animation-duration=\"1\">\n\t<div class=\"fl-col-content fl-node-content\">\n\t\t<\/div>\n<\/div>\n\t\t\t<div class=\"fl-col fl-node-sljtvaemq5oh fl-col-small fl-animation fl-slide-in-left\" data-node=\"sljtvaemq5oh\" data-animation-delay=\"0\" data-animation-duration=\"1\">\n\t<div class=\"fl-col-content fl-node-content\">\n\t\t<\/div>\n<\/div>\n\t\t\t<div class=\"fl-col fl-node-fczxunh0pomk fl-col-small fl-animation fl-slide-in-left\" data-node=\"fczxunh0pomk\" data-animation-delay=\"0\" data-animation-duration=\"1\">\n\t<div class=\"fl-col-content fl-node-content\">\n\t\t<\/div>\n<\/div>\n\t<\/div>\n\t\t<\/div>\n\t<\/div>\n<\/div>\n<div class=\"fl-row fl-row-full-width fl-row-bg-color fl-node-6054652cdaae9\" data-node=\"6054652cdaae9\">\n\t<div class=\"fl-row-content-wrap\">\n\t\t\t\t\t\t<div class=\"fl-row-content fl-row-fixed-width fl-node-content\">\n\t\t\n<div class=\"fl-col-group fl-node-6054652cdaae3 fl-col-group-equal-height fl-col-group-align-center\" data-node=\"6054652cdaae3\">\n\t\t\t<div class=\"fl-col fl-node-6054652cdaae5\" data-node=\"6054652cdaae5\">\n\t<div class=\"fl-col-content fl-node-content\">\n\t<div class=\"fl-module fl-module-uabb-heading fl-node-6054652cdaae7\" data-node=\"6054652cdaae7\">\n\t<div class=\"fl-module-content fl-node-content\">\n\t\t<div class=\"uabb-module-content uabb-heading-wrapper uabb-heading-align-left \">\n\t\n\t<h3 class=\"uabb-heading\">\n\t\t\t\t\t<span class=\"uabb-heading-text\">Ie\u0161kote patikimo statyb\u0173 partnerio? Rinkit\u0117s \u0161ios srities profesionalus!<\/span>\n\t\t\t\t<\/h3>\n\n\t\t\t<div class=\"uabb-module-content uabb-separator-parent\">\t\t\t\n\t\t\t\t\t\t\t\t<\/div>\n\t\n\t\n\t \n<\/div>\n\t<\/div>\n<\/div>\n\t<\/div>\n<\/div>\n\t\t\t<div class=\"fl-col fl-node-6054652cdaae6 fl-col-small\" data-node=\"6054652cdaae6\">\n\t<div class=\"fl-col-content fl-node-content\">\n\t<div class=\"fl-module fl-module-uabb-button fl-node-6054652cdaae8\" data-node=\"6054652cdaae8\">\n\t<div class=\"fl-module-content fl-node-content\">\n\t\t\n<div class=\"uabb-module-content uabb-button-wrap uabb-creative-button-wrap uabb-button-width-auto uabb-creative-button-width-auto uabb-button-center uabb-creative-button-center uabb-button-reponsive-center uabb-creative-button-reponsive-center\">\n\t\t\t<a href=\"https:\/\/smiltiesprojektai.lt\/index.php\/kontaktai\/\" target=\"_self\" class=\"uabb-button uabb-creative-button uabb-creative-default-btn   \"  role=\"button\">\n\t\t\t\t\t\t<span class=\"uabb-button-text uabb-creative-button-text\">Susisiekite<\/span>\n\t\t\t\n\t\t<\/a>\n\t<\/div>\n\t<\/div>\n<\/div>\n\t<\/div>\n<\/div>\n\t<\/div>\n\t\t<\/div>\n\t<\/div>\n<\/div>\n<\/div>","protected":false},"excerpt":{"rendered":"<p>Paslaugos \u201eSmilties projektai\u201c &#8211; J\u016bs\u0173 statyb\u0173 partneris Spar\u010diai auganti statyb\u0173 \u012fmon\u0117 \u201eSmilties projektai\u201c savo klientams si\u016blo pa\u017eangius ir tvarius statybos darbus\u00a0 \u2013 nuo betonavimo, konstruktyvo, apdailos darb\u0173 iki statyb\u0173 projekto parengimo ir galutinio realizavimo.\u00a0Per savo veiklos metus renovavome ir atnaujinome namus, vie\u0161bu\u010dius, verslo centrus Klaip\u0117dos mieste, suprojektavome ir pastat\u0117me naujas gyvenvietes Klaip\u0117doje, Klaip\u0117dos rajone ir &hellip;<\/p>\n<p class=\"read-more\"> <a class=\"\" href=\"https:\/\/smiltiesprojektai.lt\/index.php\/paslaugos\/\"> <span class=\"screen-reader-text\">Paslaugos<\/span> Skaityti daugiau &raquo;<\/a><\/p>\n","protected":false},"author":1,"featured_media":0,"parent":0,"menu_order":0,"comment_status":"closed","ping_status":"closed","template":"","meta":{"om_disable_all_campaigns":false,"_monsterinsights_skip_tracking":false,"_monsterinsights_sitenote_active":false,"_monsterinsights_sitenote_note":"","_monsterinsights_sitenote_category":0,"site-sidebar-layout":"no-sidebar","site-content-layout":"page-builder","ast-global-header-display":"","ast-main-header-display":"","ast-hfb-above-header-display":"","ast-hfb-below-header-display":"","ast-hfb-mobile-header-display":"","site-post-title":"disabled","ast-breadcrumbs-content":"","ast-featured-img":"disabled","footer-sml-layout":"","theme-transparent-header-meta":"enabled","adv-header-id-meta":"","stick-header-meta":"","header-above-stick-meta":"","header-main-stick-meta":"","header-below-stick-meta":"","footnotes":""},"class_list":["post-450","page","type-page","status-publish","hentry"],"_links":{"self":[{"href":"https:\/\/smiltiesprojektai.lt\/index.php\/wp-json\/wp\/v2\/pages\/450","targetHints":{"allow":["GET"]}}],"collection":[{"href":"https:\/\/smiltiesprojektai.lt\/index.php\/wp-json\/wp\/v2\/pages"}],"about":[{"href":"https:\/\/smiltiesprojektai.lt\/index.php\/wp-json\/wp\/v2\/types\/page"}],"author":[{"embeddable":true,"href":"https:\/\/smiltiesprojektai.lt\/index.php\/wp-json\/wp\/v2\/users\/1"}],"replies":[{"embeddable":true,"href":"https:\/\/smiltiesprojektai.lt\/index.php\/wp-json\/wp\/v2\/comments?post=450"}],"version-history":[{"count":33,"href":"https:\/\/smiltiesprojektai.lt\/index.php\/wp-json\/wp\/v2\/pages\/450\/revisions"}],"predecessor-version":[{"id":658,"href":"https:\/\/smiltiesprojektai.lt\/index.php\/wp-json\/wp\/v2\/pages\/450\/revisions\/658"}],"wp:attachment":[{"href":"https:\/\/smiltiesprojektai.lt\/index.php\/wp-json\/wp\/v2\/media?parent=450"}],"curies":[{"name":"wp","href":"https:\/\/api.w.org\/{rel}","templated":true}]}}