{"id":449,"date":"2018-11-26T12:45:57","date_gmt":"2018-11-26T12:45:57","guid":{"rendered":"https:\/\/smiltiesprojektai.lt\/index.php\/about\/"},"modified":"2022-01-24T18:08:53","modified_gmt":"2022-01-24T18:08:53","slug":"apie-mus","status":"publish","type":"page","link":"https:\/\/smiltiesprojektai.lt\/index.php\/apie-mus\/","title":{"rendered":"Apie mus"},"content":{"rendered":"<div class=\"fl-builder-content fl-builder-content-449\" data-post-id=\"449\"><div class=\"fl-row fl-row-full-width fl-row-bg-photo fl-node-5c07b699a535d fl-row-bg-overlay fl-row-bg-fixed\" data-node=\"5c07b699a535d\">\n\t<div class=\"fl-row-content-wrap\">\n\t\t\t\t\t\t<div class=\"fl-row-content fl-row-fixed-width fl-node-content\">\n\t\t\n<div class=\"fl-col-group fl-node-5c07b699c3082\" data-node=\"5c07b699c3082\">\n\t\t\t<div class=\"fl-col fl-node-5c07b699c31de\" data-node=\"5c07b699c31de\">\n\t<div class=\"fl-col-content fl-node-content\">\n\t<div class=\"fl-module fl-module-uabb-heading fl-node-5c07b82741af1\" data-node=\"5c07b82741af1\">\n\t<div class=\"fl-module-content fl-node-content\">\n\t\t<div class=\"uabb-module-content uabb-heading-wrapper uabb-heading-align-center \">\n\t\n\t<h1 class=\"uabb-heading\">\n\t\t\t\t\t<span class=\"uabb-heading-text\">Apie mus<\/span>\n\t\t\t\t<\/h1>\n\n\t\t\t<div class=\"uabb-module-content uabb-separator-parent\">\t\t\t\n\t\t\t\t\t\t\t\t<\/div>\n\t\n\t\n\t \n<\/div>\n\t<\/div>\n<\/div>\n\t<\/div>\n<\/div>\n\t<\/div>\n\t\t<\/div>\n\t<\/div>\n<\/div>\n<div class=\"fl-row fl-row-full-width fl-row-bg-none fl-node-5c07ba21d0344\" data-node=\"5c07ba21d0344\">\n\t<div class=\"fl-row-content-wrap\">\n\t\t\t\t\t\t<div class=\"fl-row-content fl-row-fixed-width fl-node-content\">\n\t\t\n<div class=\"fl-col-group fl-node-5c07ba21d033b\" data-node=\"5c07ba21d033b\">\n\t\t\t<div class=\"fl-col fl-node-5c07ba21d033e fl-col-small\" data-node=\"5c07ba21d033e\">\n\t<div class=\"fl-col-content fl-node-content\">\n\t<div class=\"fl-module fl-module-photo fl-node-iw9u5pyexm3n\" data-node=\"iw9u5pyexm3n\">\n\t<div class=\"fl-module-content fl-node-content\">\n\t\t<div class=\"fl-photo fl-photo-align-center\" itemscope itemtype=\"https:\/\/schema.org\/ImageObject\">\n\t<div class=\"fl-photo-content fl-photo-img-png\">\n\t\t\t\t<img loading=\"lazy\" decoding=\"async\" class=\"fl-photo-img wp-image-602 size-medium\" src=\"https:\/\/smiltiesprojektai.lt\/wp-content\/uploads\/2022\/01\/Smilties_projektai_logo_black-01-1-300x160.png\" alt=\"Smilties_projektai_logo_black-01\" itemprop=\"image\" height=\"160\" width=\"300\" title=\"Smilties_projektai_logo_black-01\" srcset=\"https:\/\/smiltiesprojektai.lt\/wp-content\/uploads\/2022\/01\/Smilties_projektai_logo_black-01-1-300x160.png 300w, https:\/\/smiltiesprojektai.lt\/wp-content\/uploads\/2022\/01\/Smilties_projektai_logo_black-01-1-768x409.png 768w, https:\/\/smiltiesprojektai.lt\/wp-content\/uploads\/2022\/01\/Smilties_projektai_logo_black-01-1.png 908w\" sizes=\"auto, (max-width: 300px) 100vw, 300px\" \/>\n\t\t\t\t\t<\/div>\n\t<\/div>\n\t<\/div>\n<\/div>\n\t<\/div>\n<\/div>\n\t\t\t<div class=\"fl-col fl-node-5c07ba2b313c5 fl-col-small\" data-node=\"5c07ba2b313c5\">\n\t<div class=\"fl-col-content fl-node-content\">\n\t<div class=\"fl-module fl-module-rich-text fl-node-5c07ba2b31556\" data-node=\"5c07ba2b31556\">\n\t<div class=\"fl-module-content fl-node-content\">\n\t\t<div class=\"fl-rich-text\">\n\t<p>Pa\u017eangi ir spar\u010diai auganti statyb\u0173 \u012fmon\u0117 Vakar\u0173 Lietuvoje. Teikianti bendruosius statybos darbus, statant ir \u012frengin\u0117jant nekilnojamojo turto projektus Klaip\u0117doje, Klaip\u0117dos rajone ir Palangoje.<\/p>\n<\/div>\n\t<\/div>\n<\/div>\n<div class=\"fl-module fl-module-rich-text fl-node-5c07ba7c5f0fa\" data-node=\"5c07ba7c5f0fa\">\n\t<div class=\"fl-module-content fl-node-content\">\n\t\t<div class=\"fl-rich-text\">\n\t<p>Esame atviri pa\u017eangiems ir novatori\u0161kiems sprendimams, kurie atitinka kokyb\u0117s ir energetinio naudingumo standartus.\u00a0Atliekame visus statybos procesus, u\u017etikrindami visapusi\u0161k\u0105 statybos projekt\u0173 valdym\u0105 ir \u012fgyvendinim\u0105. Visuomet i\u0161girstame klient\u0173\u00a0poreikius\u00a0ir siekiame\u00a0b\u016bti patikimu ir profesionaliu partneriu.<\/p>\n<\/div>\n\t<\/div>\n<\/div>\n<div class=\"fl-module fl-module-rich-text fl-node-5c07ba2b31557\" data-node=\"5c07ba2b31557\">\n\t<div class=\"fl-module-content fl-node-content\">\n\t\t<div class=\"fl-rich-text\">\n\t<p>Statome b\u016bstus tvariai aplinkai ir na\u0161iam gyvenimui.<\/p>\n<\/div>\n\t<\/div>\n<\/div>\n\t<\/div>\n<\/div>\n\t<\/div>\n\t\t<\/div>\n\t<\/div>\n<\/div>\n<div class=\"fl-row fl-row-full-width fl-row-bg-color fl-node-5c07be32937ea\" data-node=\"5c07be32937ea\">\n\t<div class=\"fl-row-content-wrap\">\n\t\t\t\t\t\t<div class=\"fl-row-content fl-row-fixed-width fl-node-content\">\n\t\t\n<div class=\"fl-col-group fl-node-5c07be329399d fl-col-group-equal-height fl-col-group-align-top\" data-node=\"5c07be329399d\">\n\t\t\t<div class=\"fl-col fl-node-5c07be329399f fl-col-small\" data-node=\"5c07be329399f\">\n\t<div class=\"fl-col-content fl-node-content\">\n\t<div class=\"fl-module fl-module-uabb-heading fl-node-5c07be32939a1\" data-node=\"5c07be32939a1\">\n\t<div class=\"fl-module-content fl-node-content\">\n\t\t<div class=\"uabb-module-content uabb-heading-wrapper uabb-heading-align-left \">\n\t\n\t<h2 class=\"uabb-heading\">\n\t\t\t\t\t<span class=\"uabb-heading-text\">Profesionali\u0173 specialist\u0173 komanda<\/span>\n\t\t\t\t<\/h2>\n\n\t\t\t<div class=\"uabb-module-content uabb-separator-parent\">\t\t\t\n\t\t\t\t\t\t\t\t<\/div>\n\t\n\t\n\t \n<\/div>\n\t<\/div>\n<\/div>\n\t<\/div>\n<\/div>\n\t\t\t<div class=\"fl-col fl-node-5c07be32939a2 fl-col-small\" data-node=\"5c07be32939a2\">\n\t<div class=\"fl-col-content fl-node-content\">\n\t<div class=\"fl-module fl-module-uabb-heading fl-node-5c07bf0507ad2\" data-node=\"5c07bf0507ad2\">\n\t<div class=\"fl-module-content fl-node-content\">\n\t\t<div class=\"uabb-module-content uabb-heading-wrapper uabb-heading-align-center \">\n\t\n\t<h2 class=\"uabb-heading\">\n\t\t\t\t\t<span class=\"uabb-heading-text\">5+<\/span>\n\t\t\t\t<\/h2>\n\n\t\t\t<div class=\"uabb-module-content uabb-separator-parent\">\t\t\t\n\t\t\t\t\t\t\t\t<\/div>\n\t\n\t\t\t<div class=\"uabb-subheading uabb-text-editor\">\n\t\t\t<p>Met\u0173 patirtis<\/p>\n\t\t<\/div>\n\t\n\t \n<\/div>\n\t<\/div>\n<\/div>\n\t<\/div>\n<\/div>\n\t\t\t<div class=\"fl-col fl-node-5c07bec250860 fl-col-small\" data-node=\"5c07bec250860\">\n\t<div class=\"fl-col-content fl-node-content\">\n\t<div class=\"fl-module fl-module-uabb-heading fl-node-5c07bf8b05e8d\" data-node=\"5c07bf8b05e8d\">\n\t<div class=\"fl-module-content fl-node-content\">\n\t\t<div class=\"uabb-module-content uabb-heading-wrapper uabb-heading-align-center \">\n\t\n\t<h3 class=\"uabb-heading\">\n\t\t\t\t\t<span class=\"uabb-heading-text\">198+<\/span>\n\t\t\t\t<\/h3>\n\n\t\t\t<div class=\"uabb-module-content uabb-separator-parent\">\t\t\t\n\t\t\t\t\t\t\t\t<\/div>\n\t\n\t\t\t<div class=\"uabb-subheading uabb-text-editor\">\n\t\t\t<p>Pastatyti butai ir gyvenamieji namai<\/p>\n\t\t<\/div>\n\t\n\t \n<\/div>\n\t<\/div>\n<\/div>\n\t<\/div>\n<\/div>\n\t\t\t<div class=\"fl-col fl-node-5c07bec05a722 fl-col-small\" data-node=\"5c07bec05a722\">\n\t<div class=\"fl-col-content fl-node-content\">\n\t<div class=\"fl-module fl-module-uabb-heading fl-node-5c07bf8936af8\" data-node=\"5c07bf8936af8\">\n\t<div class=\"fl-module-content fl-node-content\">\n\t\t<div class=\"uabb-module-content uabb-heading-wrapper uabb-heading-align-center \">\n\t\n\t<h3 class=\"uabb-heading\">\n\t\t\t\t\t<span class=\"uabb-heading-text\">10955<\/span>\n\t\t\t\t<\/h3>\n\n\t\t\t<div class=\"uabb-module-content uabb-separator-parent\">\t\t\t\n\t\t\t\t\t\t\t\t<\/div>\n\t\n\t\t\t<div class=\"uabb-subheading uabb-text-editor\">\n\t\t\t<p>kv. m. \u012frengto <br \/>gyvenamojo ploto<\/p>\n\t\t<\/div>\n\t\n\t \n<\/div>\n\t<\/div>\n<\/div>\n\t<\/div>\n<\/div>\n\t<\/div>\n\n<div class=\"fl-col-group fl-node-5c07bfef2f63c\" data-node=\"5c07bfef2f63c\">\n\t\t\t<div class=\"fl-col fl-node-5c07bfef2f6b9\" data-node=\"5c07bfef2f6b9\">\n\t<div class=\"fl-col-content fl-node-content\">\n\t<div class=\"fl-module fl-module-uabb-separator fl-node-5c07bfef2f5f5\" data-node=\"5c07bfef2f5f5\">\n\t<div class=\"fl-module-content fl-node-content\">\n\t\t<div class=\"uabb-module-content uabb-separator-parent\">\n\t<div class=\"uabb-separator\"><\/div>\n<\/div>\n\t<\/div>\n<\/div>\n<div class=\"fl-module fl-module-uabb-heading fl-node-5c07c0385c803\" data-node=\"5c07c0385c803\">\n\t<div class=\"fl-module-content fl-node-content\">\n\t\t<div class=\"uabb-module-content uabb-heading-wrapper uabb-heading-align-left \">\n\t\n\t<h3 class=\"uabb-heading\">\n\t\t\t\t\t<span class=\"uabb-heading-text\">Statybos darbai u\u017etikrinant pa\u017eangius ir novatori\u0161kus sprendimus, kurie atitinka kokyb\u0117s ir energetinio naudingumo standartus.<\/span>\n\t\t\t\t<\/h3>\n\n\t\t\t<div class=\"uabb-module-content uabb-separator-parent\">\t\t\t\n\t\t\t\t\t\t\t\t<\/div>\n\t\n\t\n\t \n<\/div>\n\t<\/div>\n<\/div>\n\t<\/div>\n<\/div>\n\t<\/div>\n\n<div class=\"fl-col-group fl-node-5c07c0636d4b4\" data-node=\"5c07c0636d4b4\">\n\t\t\t<div class=\"fl-col fl-node-5c07c0636d587 fl-col-small\" data-node=\"5c07c0636d587\">\n\t<div class=\"fl-col-content fl-node-content\">\n\t<div class=\"fl-module fl-module-uabb-heading fl-node-5c07c07f4a0c3\" data-node=\"5c07c07f4a0c3\">\n\t<div class=\"fl-module-content fl-node-content\">\n\t\t<div class=\"uabb-module-content uabb-heading-wrapper uabb-heading-align-left \">\n\t\n\t<h4 class=\"uabb-heading\">\n\t\t\t\t\t<span class=\"uabb-heading-text\">MISIJA<\/span>\n\t\t\t\t<\/h4>\n\n\t\t\t<div class=\"uabb-module-content uabb-separator-parent\">\t\t\t\n\t\t\t\t\t\t\t\t<\/div>\n\t\n\t\t\t<div class=\"uabb-subheading uabb-text-editor\">\n\t\t\t<div><span lang=\"LT\">B\u016bti patikimu ir profesionaliu partneriu atliekant visus su statybomis susijusius darbus nuo statyb\u0173 valdymo iki objekto pridavimo.<\/span><\/div>\n\t\t<\/div>\n\t\n\t \n<\/div>\n\t<\/div>\n<\/div>\n\t<\/div>\n<\/div>\n\t\t\t<div class=\"fl-col fl-node-5c07c0636d58b fl-col-small\" data-node=\"5c07c0636d58b\">\n\t<div class=\"fl-col-content fl-node-content\">\n\t<div class=\"fl-module fl-module-uabb-heading fl-node-5c07c0a17e112\" data-node=\"5c07c0a17e112\">\n\t<div class=\"fl-module-content fl-node-content\">\n\t\t<div class=\"uabb-module-content uabb-heading-wrapper uabb-heading-align-left \">\n\t\n\t<h4 class=\"uabb-heading\">\n\t\t\t\t\t<span class=\"uabb-heading-text\">VIZIJA<\/span>\n\t\t\t\t<\/h4>\n\n\t\t\t<div class=\"uabb-module-content uabb-separator-parent\">\t\t\t\n\t\t\t\t\t\t\t\t<\/div>\n\t\n\t\t\t<div class=\"uabb-subheading uabb-text-editor\">\n\t\t\t<p>Tapti\u00a0<span lang=\"LT\">vakar\u0173 regiono\u00a0<\/span>statyb<span lang=\"LT\">os darb\u0173\u00a0<\/span>lydere, kuri\u0105 klientai vertina\u00a0<span lang=\"LT\">d\u0117l novatori\u0161k\u0173 ir ilgaam\u017ei\u0173 sprendim\u0173. <\/span><\/p>\n\t\t<\/div>\n\t\n\t \n<\/div>\n\t<\/div>\n<\/div>\n\t<\/div>\n<\/div>\n\t\t\t<div class=\"fl-col fl-node-5c07c0636d58e fl-col-small\" data-node=\"5c07c0636d58e\">\n\t<div class=\"fl-col-content fl-node-content\">\n\t<div class=\"fl-module fl-module-uabb-heading fl-node-5df74c00abcb3\" data-node=\"5df74c00abcb3\">\n\t<div class=\"fl-module-content fl-node-content\">\n\t\t<div class=\"uabb-module-content uabb-heading-wrapper uabb-heading-align-left \">\n\t\n\t<h3 class=\"uabb-heading\">\n\t\t\t\t\t<span class=\"uabb-heading-text\">Vertiname profesionalum\u0105, na\u0161um\u0105 ir ilgalaik\u0119 partneryst\u0119.<\/span>\n\t\t\t\t<\/h3>\n\n\t\t\t<div class=\"uabb-module-content uabb-separator-parent\">\t\t\t\n\t\t\t\t\t\t\t\t<\/div>\n\t\n\t\n\t \n<\/div>\n\t<\/div>\n<\/div>\n\t<\/div>\n<\/div>\n\t<\/div>\n\t\t<\/div>\n\t<\/div>\n<\/div>\n<div class=\"fl-row fl-row-full-width fl-row-bg-color fl-node-6054650c28d51\" data-node=\"6054650c28d51\">\n\t<div class=\"fl-row-content-wrap\">\n\t\t\t\t\t\t<div class=\"fl-row-content fl-row-fixed-width fl-node-content\">\n\t\t\n<div class=\"fl-col-group fl-node-6054650c28d4b fl-col-group-equal-height fl-col-group-align-center\" data-node=\"6054650c28d4b\">\n\t\t\t<div class=\"fl-col fl-node-6054650c28d4d\" data-node=\"6054650c28d4d\">\n\t<div class=\"fl-col-content fl-node-content\">\n\t<div class=\"fl-module fl-module-uabb-heading fl-node-6054650c28d4f\" data-node=\"6054650c28d4f\">\n\t<div class=\"fl-module-content fl-node-content\">\n\t\t<div class=\"uabb-module-content uabb-heading-wrapper uabb-heading-align-left \">\n\t\n\t<h3 class=\"uabb-heading\">\n\t\t\t\t\t<span class=\"uabb-heading-text\">Ie\u0161kote patikimo statyb\u0173 partnerio? Rinkit\u0117s \u0161ios srities profesionalus!<\/span>\n\t\t\t\t<\/h3>\n\n\t\t\t<div class=\"uabb-module-content uabb-separator-parent\">\t\t\t\n\t\t\t\t\t\t\t\t<\/div>\n\t\n\t\n\t \n<\/div>\n\t<\/div>\n<\/div>\n\t<\/div>\n<\/div>\n\t\t\t<div class=\"fl-col fl-node-6054650c28d4e fl-col-small\" data-node=\"6054650c28d4e\">\n\t<div class=\"fl-col-content fl-node-content\">\n\t<div class=\"fl-module fl-module-uabb-button fl-node-6054650c28d50\" data-node=\"6054650c28d50\">\n\t<div class=\"fl-module-content fl-node-content\">\n\t\t\n<div class=\"uabb-module-content uabb-button-wrap uabb-creative-button-wrap uabb-button-width-auto uabb-creative-button-width-auto uabb-button-center uabb-creative-button-center uabb-button-reponsive-center uabb-creative-button-reponsive-center\">\n\t\t\t<a href=\"https:\/\/smiltiesprojektai.lt\/index.php\/kontaktai\/\" target=\"_self\" class=\"uabb-button uabb-creative-button uabb-creative-default-btn   \"  role=\"button\">\n\t\t\t\t\t\t<span class=\"uabb-button-text uabb-creative-button-text\">SUSISIEKITE<\/span>\n\t\t\t\n\t\t<\/a>\n\t<\/div>\n\t<\/div>\n<\/div>\n\t<\/div>\n<\/div>\n\t<\/div>\n\t\t<\/div>\n\t<\/div>\n<\/div>\n<\/div>","protected":false},"excerpt":{"rendered":"<p>Apie mus Pa\u017eangi ir spar\u010diai auganti statyb\u0173 \u012fmon\u0117 Vakar\u0173 Lietuvoje. Teikianti bendruosius statybos darbus, statant ir \u012frengin\u0117jant nekilnojamojo turto projektus Klaip\u0117doje, Klaip\u0117dos rajone ir Palangoje. Esame atviri pa\u017eangiems ir novatori\u0161kiems sprendimams, kurie atitinka kokyb\u0117s ir energetinio naudingumo standartus.\u00a0Atliekame visus statybos procesus, u\u017etikrindami visapusi\u0161k\u0105 statybos projekt\u0173 valdym\u0105 ir \u012fgyvendinim\u0105. Visuomet i\u0161girstame klient\u0173\u00a0poreikius\u00a0ir siekiame\u00a0b\u016bti patikimu ir profesionaliu &hellip;<\/p>\n<p class=\"read-more\"> <a class=\"\" href=\"https:\/\/smiltiesprojektai.lt\/index.php\/apie-mus\/\"> <span class=\"screen-reader-text\">Apie mus<\/span> Skaityti daugiau &raquo;<\/a><\/p>\n","protected":false},"author":1,"featured_media":0,"parent":0,"menu_order":0,"comment_status":"closed","ping_status":"closed","template":"","meta":{"om_disable_all_campaigns":false,"_monsterinsights_skip_tracking":false,"_monsterinsights_sitenote_active":false,"_monsterinsights_sitenote_note":"","_monsterinsights_sitenote_category":0,"site-sidebar-layout":"no-sidebar","site-content-layout":"page-builder","ast-global-header-display":"","ast-main-header-display":"","ast-hfb-above-header-display":"","ast-hfb-below-header-display":"","ast-hfb-mobile-header-display":"","site-post-title":"disabled","ast-breadcrumbs-content":"","ast-featured-img":"disabled","footer-sml-layout":"","theme-transparent-header-meta":"enabled","adv-header-id-meta":"","stick-header-meta":"","header-above-stick-meta":"","header-main-stick-meta":"","header-below-stick-meta":"","footnotes":""},"class_list":["post-449","page","type-page","status-publish","hentry"],"_links":{"self":[{"href":"https:\/\/smiltiesprojektai.lt\/index.php\/wp-json\/wp\/v2\/pages\/449","targetHints":{"allow":["GET"]}}],"collection":[{"href":"https:\/\/smiltiesprojektai.lt\/index.php\/wp-json\/wp\/v2\/pages"}],"about":[{"href":"https:\/\/smiltiesprojektai.lt\/index.php\/wp-json\/wp\/v2\/types\/page"}],"author":[{"embeddable":true,"href":"https:\/\/smiltiesprojektai.lt\/index.php\/wp-json\/wp\/v2\/users\/1"}],"replies":[{"embeddable":true,"href":"https:\/\/smiltiesprojektai.lt\/index.php\/wp-json\/wp\/v2\/comments?post=449"}],"version-history":[{"count":23,"href":"https:\/\/smiltiesprojektai.lt\/index.php\/wp-json\/wp\/v2\/pages\/449\/revisions"}],"predecessor-version":[{"id":678,"href":"https:\/\/smiltiesprojektai.lt\/index.php\/wp-json\/wp\/v2\/pages\/449\/revisions\/678"}],"wp:attachment":[{"href":"https:\/\/smiltiesprojektai.lt\/index.php\/wp-json\/wp\/v2\/media?parent=449"}],"curies":[{"name":"wp","href":"https:\/\/api.w.org\/{rel}","templated":true}]}}